{"id":147,"date":"2021-01-08T15:54:33","date_gmt":"2021-01-08T14:54:33","guid":{"rendered":"https:\/\/zeutheneryachtclub.de\/2021\/?page_id=147"},"modified":"2025-03-25T12:43:00","modified_gmt":"2025-03-25T11:43:00","slug":"jugend-im-zyc","status":"publish","type":"page","link":"https:\/\/zeutheneryachtclub.de\/2021\/jugend-im-zyc\/","title":{"rendered":"Jugend im ZYC"},"content":{"rendered":"\n<p>Wer als Kind oder Jugendlicher Lust hat, in der Gemeinschaft mit anderen zu segeln, ist bei uns richtig. Vereinsboote wie Optis, Cadets, Laser, 420er und OKs stehen den Jugendlichen kostenlos zur Verf\u00fcgung. Der Vereinsbeitrag f\u00fcr Kinder und Jugendliche betr\u00e4gt 6,-\u20ac pro. Monat.<\/p>\n\n\n\n<figure class=\"wp-block-table is-style-stripes\"><table class=\"has-fixed-layout\"><tbody><tr><td><strong>Jugendobmann des ZYC e.V.:<\/strong><br><strong>Arwed Meyer<\/strong><\/td><td>Tel: 0172 3025270<br>eMail: jugend@zeutheneryachtclub.de<\/td><\/tr><tr><td><strong>Beauftragte f\u00fcr Kinderschutz im ZYC e.V.<\/strong><br><strong>Elaine Sch\u00f6ning<\/strong><br><\/td><td>eMail: kinderschutz@zeutheneryachtclub.de<\/td><\/tr><\/tbody><\/table><\/figure>\n\n\n\n<p><\/p>\n\n\n\n<p><\/p>\n\n\n<ul class=\"wp-block-latest-posts__list wp-block-latest-posts\"><li><a class=\"wp-block-latest-posts__post-title\" href=\"https:\/\/zeutheneryachtclub.de\/2021\/2024\/12\/19\/terminplan-2025\/\">Terminplan 2025<\/a><div class=\"wp-block-latest-posts__post-excerpt\">Hier findet Ihr den Terminplan f\u00fcr das Jahr 2025 als pdf-Datei. Wir w\u00fcnschen allen Sportlerinnen und Sportlern des ZYC und ihren Familien ein gutes Jahr 2025 mit sportlichen Erfolgen und erholsamen Stunden auf dem Wasser und in unserem Verein.<\/div><\/li>\n<li><a class=\"wp-block-latest-posts__post-title\" href=\"https:\/\/zeutheneryachtclub.de\/2021\/2024\/08\/25\/lust-auf-ein-probesegeln-fuer-kids-und-teens\/\">Lust auf ein Probesegeln f\u00fcr Kids und Teens?<\/a><div class=\"wp-block-latest-posts__post-excerpt\">Am 31. August und am 7. September 2024 bietet der Zeuthener Yachtclub e.V. jeweils um 10.00 Uhr ein Probesegeln f\u00fcr Kinder und Jugendliche an. Hast Du Lust und Zeit? Dann komm nach Zeuthen in die Niederlausitzstra\u00dfe 12 und entdecke den Segelsport f\u00fcr Dich. Herzlich willkommen!<\/div><\/li>\n<li><a class=\"wp-block-latest-posts__post-title\" href=\"https:\/\/zeutheneryachtclub.de\/2021\/2023\/09\/16\/entdecke-den-segelsport-der-zyc-beim-zeuthener-ortsfest\/\">Entdecke den Segelsport. Der ZYC beim Zeuthener Ortsfest<\/a><div class=\"wp-block-latest-posts__post-excerpt\">Am 2. September fand das Zeuthener Ortsfest statt, bei dem sich der Zeuthener Yachtclub an einem gemeinsamen Stand mit dem Segelverein Neander e.V. und Segelclub Zeuthen e.V. von seiner besten Seite zeigte. Die Vereine waren mit Segelbooten vor Ort (Laser, Optimist, Cadet, 420er). Interessierte Kinder und durften die Boote ausprobieren. Bei der Rallye &#8222;Entdecke den<\/div><\/li>\n<li><a class=\"wp-block-latest-posts__post-title\" href=\"https:\/\/zeutheneryachtclub.de\/2021\/2023\/05\/23\/trainingslager-fuer-kinder-und-jugendliche-im-zyc\/\">Trainingslager f\u00fcr Kinder und Jugendliche im ZYC<\/a><div class=\"wp-block-latest-posts__post-excerpt\">Ein Hafen voller Boote, eine Wiese voller Zelte, mehr als 30 Kinder und Jugendliche, dazu Trainerinnen, Trainer und eine Menge Helferinnen und Helfer machten das Trainingslager \u00fcber Himmelfahrt im ZYC aus. Die Teilnehmenden kamen vom SV-Neander, der SG Zeuthen, von ADW, dem SC Kr\u00fcpelsee und dem ZYC. Neben dem Training auf dem Wasser bei besten<\/div><\/li>\n<li><a class=\"wp-block-latest-posts__post-title\" href=\"https:\/\/zeutheneryachtclub.de\/2021\/2021\/01\/07\/digitales-training-im-zyc-mit-lernvideos\/\">Digitales Training im ZYC mit Lernvideos<\/a><div class=\"wp-block-latest-posts__post-excerpt\">mit Lernvideos kann unsere Kinder- und Jugendgruppe auch in Zeiten mit Kontaktbeschr\u00e4nkgungen trainieren und sich auf die kommende Saison vorbereiten. Wir danken J\u00f6rg Steffen f\u00fcr seine Ideen und sein Engagement. Alle Videos findet Ihr hier und auf Youtube.<\/div><\/li>\n<\/ul>","protected":false},"excerpt":{"rendered":"<p>Wer als Kind oder Jugendlicher Lust hat, in der Gemeinschaft mit anderen zu segeln, ist bei uns richtig. Vereinsboote wie Optis, Cadets, Laser, 420er und OKs stehen den Jugendlichen kostenlos zur Verf\u00fcgung. Der Vereinsbeitrag f\u00fcr<\/p>\n","protected":false},"author":1,"featured_media":0,"parent":0,"menu_order":0,"comment_status":"closed","ping_status":"closed","template":"","meta":{"footnotes":""},"class_list":["post-147","page","type-page","status-publish","hentry"],"_links":{"self":[{"href":"https:\/\/zeutheneryachtclub.de\/2021\/wp-json\/wp\/v2\/pages\/147","targetHints":{"allow":["GET"]}}],"collection":[{"href":"https:\/\/zeutheneryachtclub.de\/2021\/wp-json\/wp\/v2\/pages"}],"about":[{"href":"https:\/\/zeutheneryachtclub.de\/2021\/wp-json\/wp\/v2\/types\/page"}],"author":[{"embeddable":true,"href":"https:\/\/zeutheneryachtclub.de\/2021\/wp-json\/wp\/v2\/users\/1"}],"replies":[{"embeddable":true,"href":"https:\/\/zeutheneryachtclub.de\/2021\/wp-json\/wp\/v2\/comments?post=147"}],"version-history":[{"count":5,"href":"https:\/\/zeutheneryachtclub.de\/2021\/wp-json\/wp\/v2\/pages\/147\/revisions"}],"predecessor-version":[{"id":993,"href":"https:\/\/zeutheneryachtclub.de\/2021\/wp-json\/wp\/v2\/pages\/147\/revisions\/993"}],"wp:attachment":[{"href":"https:\/\/zeutheneryachtclub.de\/2021\/wp-json\/wp\/v2\/media?parent=147"}],"curies":[{"name":"wp","href":"https:\/\/api.w.org\/{rel}","templated":true}]}}