{"id":190,"date":"2021-01-22T15:18:07","date_gmt":"2021-01-22T14:18:07","guid":{"rendered":"https:\/\/zeutheneryachtclub.de\/2021\/?page_id=190"},"modified":"2021-01-22T15:18:21","modified_gmt":"2021-01-22T14:18:21","slug":"regattaausschreibungen-und-ergebnisse","status":"publish","type":"page","link":"https:\/\/zeutheneryachtclub.de\/2021\/regattaausschreibungen-und-ergebnisse\/","title":{"rendered":"Ausschreibungen und Ergebnisse"},"content":{"rendered":"<ul class=\"wp-block-latest-posts__list wp-block-latest-posts\"><li><a class=\"wp-block-latest-posts__post-title\" href=\"https:\/\/zeutheneryachtclub.de\/2021\/2026\/03\/19\/ausschreibung-zur-zeuthener-woche-2026\/\">Ausschreibung zur Zeuthener Woche 2026<\/a><div class=\"wp-block-latest-posts__post-full-content\"><!-- wp:paragraph -->\n<p>Die Meldung zur Zeuthener Woche 2026 (4. bis 5. Juli) mit der Berliner Meisterschaft der 15er Jollenkreuzer ist \u00fcber die Plattform <a href=\"https:\/\/manage2sail.com\/de-DE\/event\/ZW2026#!\/\" target=\"_blank\" rel=\"noreferrer noopener\">manage2sail.de<\/a> m\u00f6glich. Wir freuen uns auf Euch.<\/p>\n<!-- \/wp:paragraph -->\n\n<!-- wp:paragraph -->\n<p>Hier findet Ihr die Ausschreibung im pdf-Format:<\/p>\n<!-- \/wp:paragraph -->\n\n<!-- wp:file {\"id\":1097,\"href\":\"https:\/\/zeutheneryachtclub.de\/2021\/wp-content\/uploads\/2026\/03\/ausschreibung_zw_lmbsv_20260302.pdf\",\"displayPreview\":true} -->\n<div class=\"wp-block-file\"><object class=\"wp-block-file__embed\" data=\"https:\/\/zeutheneryachtclub.de\/2021\/wp-content\/uploads\/2026\/03\/ausschreibung_zw_lmbsv_20260302.pdf\" type=\"application\/pdf\" style=\"width:100%;height:600px\" aria-label=\"ausschreibung_zw_lmbsv_20260302\"><\/object><a id=\"wp-block-file--media-a4c036f4-9ecb-4276-9a5a-b0cddc683d24\" href=\"https:\/\/zeutheneryachtclub.de\/2021\/wp-content\/uploads\/2026\/03\/ausschreibung_zw_lmbsv_20260302.pdf\">ausschreibung_zw_lmbsv_20260302<\/a><a href=\"https:\/\/zeutheneryachtclub.de\/2021\/wp-content\/uploads\/2026\/03\/ausschreibung_zw_lmbsv_20260302.pdf\" class=\"wp-block-file__button wp-element-button\" download aria-describedby=\"wp-block-file--media-a4c036f4-9ecb-4276-9a5a-b0cddc683d24\">Herunterladen<\/a><\/div>\n<!-- \/wp:file --><\/div><\/li>\n<li><a class=\"wp-block-latest-posts__post-title\" href=\"https:\/\/zeutheneryachtclub.de\/2021\/2025\/09\/30\/bericht-ueber-die-kehrausregatta-2025\/\">Bericht \u00fcber die Kehrausregatta 2025<\/a><div class=\"wp-block-latest-posts__post-full-content\"><!-- wp:paragraph -->\n<p>Dieses Jahr konnten 13 H-Jollen zur traditionellen Kehrausregatta im ZYC begr\u00fc\u00dfen. Zus\u00e4tzlich waren in der Yardstickwertung 2 15er Jollenkreuzer und 2 Jollen mit dabei. <br>Die offizielle Er\u00f6ffnung machte der Pr\u00e4sident des Berliner Seglerverbandes Sportsfreund J\u00f6rn Alexander Kinner. <br>Der Sonnabendmorgen bescherte uns Sonnenschein eine Windst\u00e4rke 2-3, mit B\u00f6en in 4. <br>In der Mittagspause gab es hervorragende Erbs- bzw. Linsensuppe, alles selbst gemacht von Ilka und J\u00f6rg.<\/p>\n<!-- \/wp:paragraph -->\n\n<!-- wp:paragraph -->\n<p>Danach konnten wir noch 2 weitere Wettfahrten durchf\u00fchren.<\/p>\n<!-- \/wp:paragraph -->\n\n<!-- wp:paragraph -->\n<p>Bei der traditionellen 1.Siegerehrung am Sonnabend ging der Preis f\u00fcr den Tagessieger an H-2091 mit Florian Stock und Leonard Stock.<\/p>\n<!-- \/wp:paragraph -->\n\n<!-- wp:paragraph -->\n<p>Weiterhin wurden geehrt:<\/p>\n<!-- \/wp:paragraph -->\n\n<!-- wp:list -->\n<ul class=\"wp-block-list\"><!-- wp:list-item -->\n<li>Die j\u00fcngste Mannschaft: H-2077 Laura und Lars<\/li>\n<!-- \/wp:list-item -->\n\n<!-- wp:list-item -->\n<li>Der \u00e4lteste Teilnehmer: H-2040 Hans J\u00f6rg Wohl<\/li>\n<!-- \/wp:list-item -->\n\n<!-- wp:list-item -->\n<li>Die beste Frauenmannschaft bzw. Mix: H-2077 Laura und Lars<\/li>\n<!-- \/wp:list-item -->\n\n<!-- wp:list-item -->\n<li>Das Schiff mit der l\u00e4ngsten Anfahrt: H-2062 Katrin und Jens<\/li>\n<!-- \/wp:list-item --><\/ul>\n<!-- \/wp:list -->\n\n<!-- wp:paragraph -->\n<p>Der \u201eAussteigerpreis\u201c f\u00fcr die beste Mannschaft des 1.Tages \u00fcber 100 Jahre ging an H-2040 mit Hans-J\u00f6rg und Lars.<\/p>\n<!-- \/wp:paragraph -->\n\n<!-- wp:paragraph -->\n<p>Auf Anregung von Frieda wurden f\u00fcr Sonntag die Schotten neu verlost. Es entstanden neue \u201eDreamteams&#8220; und es gab viel Diskussionsstoff.<\/p>\n<!-- \/wp:paragraph -->\n\n<!-- wp:paragraph -->\n<p>H\u00f6hepunkt des Abends war wieder die Verlosung der Kogge. Spannung pur. Die \u201egl\u00fcckliche\u201c Gewinnerin war Frieda. Herzlichen Gl\u00fcckwunsch.<\/p>\n<!-- \/wp:paragraph -->\n\n<!-- wp:paragraph -->\n<p>Danach konnten wir endlich das kalte B\u00fcffet st\u00fcrmen, welches wie immer hervorragend und mit viel Liebe von den Damen und Herren des ZYC hergerichtet wurde.<\/p>\n<!-- \/wp:paragraph -->\n\n<!-- wp:paragraph {\"align\":\"left\"} -->\n<p class=\"has-text-align-left\">Am Sonntag um 10.30 konnte aufgrund von zu wenig Wind kein ordentlichen Meisterschaftslauf gestartet werden und wir hatten damit unseren Streicher. <\/p>\n<!-- \/wp:paragraph -->\n\n<!-- wp:paragraph {\"align\":\"center\"} -->\n<p class=\"has-text-align-center\"><br><strong>Gesamtsieger und damit Berliner Meister wurden Florian und Leonard Stock vom Arendsee.<\/strong><\/p>\n<!-- \/wp:paragraph -->\n\n<!-- wp:image {\"id\":1044,\"sizeSlug\":\"large\",\"linkDestination\":\"none\"} -->\n<figure class=\"wp-block-image size-large\"><img loading=\"lazy\" decoding=\"async\" width=\"1024\" height=\"768\" src=\"https:\/\/zeutheneryachtclub.de\/2021\/wp-content\/uploads\/2025\/09\/DSCN3756-1024x768.jpg\" alt=\"\" class=\"wp-image-1044\" srcset=\"https:\/\/zeutheneryachtclub.de\/2021\/wp-content\/uploads\/2025\/09\/DSCN3756-1024x768.jpg 1024w, https:\/\/zeutheneryachtclub.de\/2021\/wp-content\/uploads\/2025\/09\/DSCN3756-300x225.jpg 300w, https:\/\/zeutheneryachtclub.de\/2021\/wp-content\/uploads\/2025\/09\/DSCN3756-768x576.jpg 768w, https:\/\/zeutheneryachtclub.de\/2021\/wp-content\/uploads\/2025\/09\/DSCN3756-1536x1152.jpg 1536w, https:\/\/zeutheneryachtclub.de\/2021\/wp-content\/uploads\/2025\/09\/DSCN3756-2048x1536.jpg 2048w, https:\/\/zeutheneryachtclub.de\/2021\/wp-content\/uploads\/2025\/09\/DSCN3756-840x630.jpg 840w, https:\/\/zeutheneryachtclub.de\/2021\/wp-content\/uploads\/2025\/09\/DSCN3756-440x330.jpg 440w\" sizes=\"auto, (max-width: 1024px) 100vw, 1024px\" \/><\/figure>\n<!-- \/wp:image -->\n\n<!-- wp:paragraph -->\n<p>Herzlichen Gl\u00fcckwunsch!<br><\/p>\n<!-- \/wp:paragraph -->\n\n<!-- wp:paragraph -->\n<p>Wir starteten dann daf\u00fcr die Langstrecke mit den zugelosten neuen Schotten. Bei einer Windst\u00e4rke 1-2 und Sonne hatten alle viel Spa\u00df. Sieger wurden Hans-J\u00f6rg und Jens. Die Siegerehrung f\u00fcr die neuen Berliner Meister f\u00fchrte der Pr\u00e4sident des Berliner Seglerverbandes Sportsfreund J\u00f6rn Alexander Kinner durch.<\/p>\n<!-- \/wp:paragraph -->\n\n<!-- wp:paragraph -->\n<p>Zum Schluss wurde der \u201eM\u00e4uschen Bartel Ged\u00e4chtnispreis\u201c f\u00fcr den ersten \u201eLeidtragenden\u201c vergeben. Gewinner waren Christian (Otto) und Fabian.<\/p>\n<!-- \/wp:paragraph -->\n\n<!-- wp:paragraph -->\n<p>Nicht vergessen m\u00f6chte ich die einzige BDS-H-Jolle, die von Colette und Axel gesegelt wurde. <br>Und zu guter Letzt waren da noch unsere 4 Yardstickboote. Sieger in dieser Wertung wurden Arwed und Elke.<\/p>\n<!-- \/wp:paragraph -->\n\n<!-- wp:paragraph -->\n<p>Es war mal wieder eine gelungene H-Jollen Kehrausregatta auf den Zeuthener See.<\/p>\n<!-- \/wp:paragraph -->\n\n<!-- wp:paragraph -->\n<p>Unseren Dank aussprechen m\u00f6chten wir allen, die an Land und zu Wasser geholfen haben, diese Veranstaltung durchzuf\u00fchren.<\/p>\n<!-- \/wp:paragraph -->\n\n<!-- wp:paragraph -->\n<p>Wir w\u00fcrden uns freuen, wenn Ihr 2026 wieder den Weg zum ZYC findet.<\/p>\n<!-- \/wp:paragraph -->\n\n<!-- wp:paragraph -->\n<p>Kommt alle gut \u00fcber den Winter.<\/p>\n<!-- \/wp:paragraph -->\n\n<!-- wp:paragraph -->\n<p>Detlef G\u00fchrs (Wettfahrtleiter)<\/p>\n<!-- \/wp:paragraph -->\n\n<!-- wp:paragraph -->\n<p><\/p>\n<!-- \/wp:paragraph -->\n\n<!-- wp:paragraph -->\n<p>PS.: Fr\u00fche Meldungen zur Regatta erleichtern uns die Organisation. Danke schon jetzt daf\u00fcr.<\/p>\n<!-- \/wp:paragraph --><\/div><\/li>\n<li><a class=\"wp-block-latest-posts__post-title\" href=\"https:\/\/zeutheneryachtclub.de\/2021\/2025\/07\/08\/bericht-zur-zeuthener-woche-2025-mit-der-berliner-meisterschaft-der-15er-jollenkreuzer\/\">Bericht zur Zeuthener Woche 2025 mit der Berliner Meisterschaft der 15er Jollenkreuzer<\/a><div class=\"wp-block-latest-posts__post-full-content\"><!-- wp:paragraph -->\n<p><strong>Das Gesamtpaket hat gestimmt !<\/strong> <br><strong>Sonne, Wind, Verpflegung an Land und die abendliche Fete &#8211; alles super.<\/strong><\/p>\n<!-- \/wp:paragraph -->\n\n<!-- wp:media-text {\"mediaPosition\":\"right\",\"mediaId\":1037,\"mediaLink\":\"https:\/\/zeutheneryachtclub.de\/2021\/?attachment_id=1037\",\"mediaType\":\"image\",\"mediaWidth\":26,\"verticalAlignment\":\"center\"} -->\n<div class=\"wp-block-media-text has-media-on-the-right is-stacked-on-mobile is-vertically-aligned-center\" style=\"grid-template-columns:auto 26%\"><div class=\"wp-block-media-text__content\"><!-- wp:paragraph {\"placeholder\":\"Inhalt\u00a0\u2026\"} -->\n<p>Dieses Jahr war und ist ein Jubil\u00e4umsjahr. Wir haben 90 Jahre Zeuthener Woche gefeiert, welche im Rahmen der 650-Jahr-Feier der Gemeinde Zeuthen stattfand.<\/p>\n<!-- \/wp:paragraph -->\n\n<!-- wp:paragraph {\"placeholder\":\"Inhalt\u00a0\u2026\"} -->\n<p>Sonnabend, den 05.07., wurde die Zeuthener Woche 2025 vom Zeuthener B\u00fcrgermeister, Philipp Martens, und unserem 1.Vorsitzenden, Frank Schr\u00f6der, er\u00f6ffnet.<\/p>\n<!-- \/wp:paragraph -->\n\n<!-- wp:paragraph -->\n<p>Am Start waren insgesamt 54 Segelboote &#8211; Kielyachten, Jollenkreuzer, Jollen und Optimisten.<\/p>\n<!-- \/wp:paragraph -->\n\n<!-- wp:paragraph -->\n<p>Erfreulicherweise waren bei den Jollen 10 Jugendboote am Start. Hinzu kamen noch die J\u00fcngsten mit 6 Optimisten.<\/p>\n<!-- \/wp:paragraph -->\n\n<!-- wp:paragraph -->\n<p><\/p>\n<!-- \/wp:paragraph --><\/div><figure class=\"wp-block-media-text__media\"><img loading=\"lazy\" decoding=\"async\" width=\"576\" height=\"1024\" src=\"https:\/\/zeutheneryachtclub.de\/2021\/wp-content\/uploads\/2025\/07\/20250706_ZW_2-1-576x1024.jpg\" alt=\"\" class=\"wp-image-1037 size-full\" srcset=\"https:\/\/zeutheneryachtclub.de\/2021\/wp-content\/uploads\/2025\/07\/20250706_ZW_2-1-576x1024.jpg 576w, https:\/\/zeutheneryachtclub.de\/2021\/wp-content\/uploads\/2025\/07\/20250706_ZW_2-1-169x300.jpg 169w, https:\/\/zeutheneryachtclub.de\/2021\/wp-content\/uploads\/2025\/07\/20250706_ZW_2-1-768x1365.jpg 768w, https:\/\/zeutheneryachtclub.de\/2021\/wp-content\/uploads\/2025\/07\/20250706_ZW_2-1-864x1536.jpg 864w, https:\/\/zeutheneryachtclub.de\/2021\/wp-content\/uploads\/2025\/07\/20250706_ZW_2-1.jpg 1148w\" sizes=\"auto, (max-width: 576px) 100vw, 576px\" \/><\/figure><\/div>\n<!-- \/wp:media-text -->\n\n<!-- wp:paragraph -->\n<p>Wir hatten hervorragenden Wind, so dass wir bei den 15er Jollenkreuzern die erforderlichen 4 Wettfahrten f\u00fcr den Meisterschaftsmodus starten konnten. Mit vier ersten Pl\u00e4tzen wurde die Mannschaft Albrecht Schmelz und Sj\u00f6rn Pahl vom Potsdamer Seglerverein verdient Sieger und Berliner Meister .<\/p>\n<!-- \/wp:paragraph -->\n\n<!-- wp:image {\"id\":1035,\"sizeSlug\":\"large\",\"linkDestination\":\"none\"} -->\n<figure class=\"wp-block-image size-large\"><img loading=\"lazy\" decoding=\"async\" width=\"1024\" height=\"576\" src=\"https:\/\/zeutheneryachtclub.de\/2021\/wp-content\/uploads\/2025\/07\/20250706_ZW_3-1024x576.jpg\" alt=\"\" class=\"wp-image-1035\" srcset=\"https:\/\/zeutheneryachtclub.de\/2021\/wp-content\/uploads\/2025\/07\/20250706_ZW_3-1024x576.jpg 1024w, https:\/\/zeutheneryachtclub.de\/2021\/wp-content\/uploads\/2025\/07\/20250706_ZW_3-300x169.jpg 300w, https:\/\/zeutheneryachtclub.de\/2021\/wp-content\/uploads\/2025\/07\/20250706_ZW_3-768x432.jpg 768w, https:\/\/zeutheneryachtclub.de\/2021\/wp-content\/uploads\/2025\/07\/20250706_ZW_3-1536x864.jpg 1536w, https:\/\/zeutheneryachtclub.de\/2021\/wp-content\/uploads\/2025\/07\/20250706_ZW_3.jpg 1600w\" sizes=\"auto, (max-width: 1024px) 100vw, 1024px\" \/><\/figure>\n<!-- \/wp:image -->\n\n<!-- wp:paragraph -->\n<p>Bester 15er Jollenkreuzer in der B-Klasse wurde die Mannschaft Carsten Liefke und Bastian Rudelt vom Segelverein Neander (SVN). Die Siegerehrung nahm der Pr\u00e4sident des Berliner Seglerverbandes, J\u00f6rn Kinner, vor.<\/p>\n<!-- \/wp:paragraph -->\n\n<!-- wp:paragraph -->\n<p>Bei der Langstreckenwettfahrt gewann auf einer Banner28 die Mannschaft Matthias Kiefer, Marcel Severin, Norman Liebenau und Oliver B\u00f6hme vom Segelclub Fraternitas.<\/p>\n<!-- \/wp:paragraph -->\n\n<!-- wp:paragraph -->\n<p>Bei den Jollen gab es eine getrennte Wertung. Sieger bei den Jollen Yardstick wurde Mirko Erbach vom Verein Berliner Segler (VBS) auf einem Finn und bei den ILCAs siegte David Lippert von der Segelgemeinschaft Zeuthen.<\/p>\n<!-- \/wp:paragraph -->\n\n<!-- wp:paragraph -->\n<p>Bei den 20iger Jollenkreuzern siegte die Mannschaft mit Yvonne Muschke, Maik R\u00f6se und Bernd Muschke vom Dahme Jachtclub. Bestes Boot in der B-Klasse war der 20iger mit der Mannschaft Christian Schulze, Manuell Radke und Frank M\u00fcller vom SC Argo.<\/p>\n<!-- \/wp:paragraph -->\n\n<!-- wp:paragraph -->\n<p>Den Sieg bei den Optimisten konnte Max Walter Kl\u00fctzke von Zeuthener Yachtclub erringen.<\/p>\n<!-- \/wp:paragraph -->\n\n<!-- wp:paragraph -->\n<p>Dann wurde der Pokal f\u00fcr die beste Mannschaftsleistung bei der Zeuthener Woche vom B\u00fcrgermeister, Philipp Martens, vergeben. Aufgrund der hohen Leistungsdichte teilten sich diesen Pokal der ZYC, der VBS und der SVN.<\/p>\n<!-- \/wp:paragraph -->\n\n<!-- wp:paragraph -->\n<p>Zu guter Letzt wurde der Revierwanderpreis vom Pr\u00e4sidenten des Berliner Seglerverbandes, J\u00f6rn Kinner, vergeben. Diesen Preis erh\u00e4lt der Verein mit der besten Gesamtmannschaftsleistung aus 3-Seen Wettfahrt und Zeuthener Woche. 2025 war das ganz eindeutig der VBS.<\/p>\n<!-- \/wp:paragraph -->\n\n<!-- wp:paragraph -->\n<p>Nicht unerw\u00e4hnt lassen m\u00f6chte ich die hervorragende Verpflegung der Segler und G\u00e4ste, realisiert vom Team des Zeuthener Yachtclubs.<\/p>\n<!-- \/wp:paragraph -->\n\n<!-- wp:paragraph -->\n<p>Tolle Stimmung machte der Auftritt der Sambakids aus K\u00f6penick und beim Auftritt der Blues Brother von den Sumner Productions waren alle hellauf begeistert. Der DJ heizte dann so richtig ein und Stimmung war super.<\/p>\n<!-- \/wp:paragraph -->\n\n<!-- wp:paragraph -->\n<p>Nochmals Danke an alle Teilnehmer und Helfer.<\/p>\n<!-- \/wp:paragraph -->\n\n<!-- wp:paragraph -->\n<p><br>Detlef G\u00fchrs, <br>Wettfahrtleiter<\/p>\n<!-- \/wp:paragraph --><\/div><\/li>\n<li><a class=\"wp-block-latest-posts__post-title\" href=\"https:\/\/zeutheneryachtclub.de\/2021\/2025\/07\/08\/vereinsregatta-2025-mit-hexenregatta\/\">Vereinsregatta 2025 mit Hexenregatta<\/a><div class=\"wp-block-latest-posts__post-full-content\"><!-- wp:paragraph -->\n<p>Zur Vereinswettfahrt gingen 13 Boote an den Start. Vielen Dank an alle Teilnehmer und Helfer,<br>aber da ist noch viel Luft nach oben, was die Teilnahme an der Regatta betrifft.<br>Es wurden 2 Wettfahrten gesegelt.<br>Schnellstes Boot nach berechneter Zeit wurde R11 mit der Besatzung Manne Schrot, Reiko<br>Naujokat und Roland Wandel. Zweite wurde die \u201eRumbalotte\u201c P1181 mit der Besatzung Arwed<br>Meyer, Marcel Walter und Till Letsche. Beste Jolle und im Gesamtklassement auf Platz 3<br>wurde Emily auf Ihrer ILCA 142577(das ist keine Telefonnummer !!!). Und bestes Kielboot<br>wurde unser neuer Sportsfreund Karsten Dobe mit Vorschoterin B\u00e4rbel Rath-Reimann auf dem<br>H-Boot H 5054.<br>Bester Jugendlicher und auf Platz 5 im Gesamtfeld wurde Paul G\u00f6rke auf der ILCA 194663.<br>Und es gelang mal wieder, die Hexenregatta durchzuf\u00fchren. Es gingen 4 Mannschaften auf 4<br>Opties an den Start. Mehr oder weniger verkleidet. Sieger und damit Gewinner des<br>Hexenwanderpreises wurde die Mannschaft Emily Rutz und Frank Schr\u00f6der.<br>Leider gibt es da einen kleinen Wehrmutstropfen.<br>Wir m\u00fcssen die Regel \u201eEs gibt keine Regeln\u201c \u00e4ndern und genauso wie wir es von den Kindern<br>verlangen, sorgsamer mit den Booten umgehen.<br>Und wer etwas kaputt macht (kann passieren), muss es auch zeitnah reparieren (lassen),<br>damit ein Wochenende sp\u00e4ter der Trainingsbetrieb wieder m\u00f6glich ist.<br>Nicht unerw\u00e4hnt m\u00f6chte ich den Wanderpreis der 15er Jollenkreuzer lassen. Dieser wurde<br>1985 von Wumme gestiftet und ist nicht endg\u00fcltig gewinnbar. Dieses Jahr gewannen diesen<br>Wanderpreis unsere Sportsfreunde Arwed Meyer, Marcel Walter und Till Letsche.<br>Bowleabend, wie immer gut organisiert und gut besucht. Da ist nichts hinzuzuf\u00fcgen.<br>Nochmals vielen Dank an alle Teilnehmer und Helfer.<br><br>Detlef G\u00fchrs<br>Wettfahrtleiter<\/p>\n<!-- \/wp:paragraph -->\n\n<!-- wp:file {\"id\":1032,\"href\":\"https:\/\/zeutheneryachtclub.de\/2021\/wp-content\/uploads\/2025\/07\/vereinsregatta_2025.pdf\",\"displayPreview\":true} -->\n<div class=\"wp-block-file\"><object class=\"wp-block-file__embed\" data=\"https:\/\/zeutheneryachtclub.de\/2021\/wp-content\/uploads\/2025\/07\/vereinsregatta_2025.pdf\" type=\"application\/pdf\" style=\"width:100%;height:600px\" aria-label=\"vereinsregatta_2025\"><\/object><a id=\"wp-block-file--media-c7d5b199-41e3-4c61-bc55-17dff9809fcc\" href=\"https:\/\/zeutheneryachtclub.de\/2021\/wp-content\/uploads\/2025\/07\/vereinsregatta_2025.pdf\">vereinsregatta_2025<\/a><a href=\"https:\/\/zeutheneryachtclub.de\/2021\/wp-content\/uploads\/2025\/07\/vereinsregatta_2025.pdf\" class=\"wp-block-file__button wp-element-button\" download aria-describedby=\"wp-block-file--media-c7d5b199-41e3-4c61-bc55-17dff9809fcc\">Herunterladen<\/a><\/div>\n<!-- \/wp:file --><\/div><\/li>\n<li><a class=\"wp-block-latest-posts__post-title\" href=\"https:\/\/zeutheneryachtclub.de\/2021\/2025\/02\/17\/willkommen-zur-zeuthener-woche-2025\/\">Willkommen zur Zeuthener Woche 2025<\/a><div class=\"wp-block-latest-posts__post-full-content\"><!-- wp:paragraph -->\n<p>Der Zeuthener Yachtclub l\u00e4dt am 5. und 6. Juli 2025 zur &#8222;Zeuthener Woche&#8220;, der traditionsreichen Segelregatta auf dem Zeuthener See sowie zur mit ihr verbundenen Berliner Meisterschaft der 15er Jollenkreuzer ein. Wir freuen uns, viele Sportlerinnen und Sportler zu sportlichen Wettk\u00e4mpfen und zum geselligen Clubleben begr\u00fc\u00dfen zu k\u00f6nnen.  Die Anmeldung erfolgt \u00fcber das Portal <a href=\"https:\/\/www.manage2sail.com\/de-DE\/event\/ZW2025#!\/\" data-type=\"link\" data-id=\"https:\/\/www.manage2sail.com\/de-DE\/event\/ZW2025#!\/\" target=\"_blank\" rel=\"noreferrer noopener\">manage2sail.com<\/a> .<\/p>\n<!-- \/wp:paragraph -->\n\n<!-- wp:paragraph -->\n<p>Seit 90 Jahren gibt es die Zeuthener Woche als Regatta. Dieses Jubil\u00e4um wollen wir in besonderer Weise mit Segelerinnen und Seglern, Mitgliedern und G\u00e4sten sowie allen, die dem Zeuthener Yachtclub verbunden sind, feiern. Dazu l\u00e4dt der ZYC am Samstag, den 5. Juli, ab 10.00 Uhr zum Tag der offenen T\u00fcr in maritimer Atmosph\u00e4re ein. Neben Speisen und Getr\u00e4nken wird es Aktivit\u00e4ten f\u00fcr Familien geben. Auch die Wasserschutzpolizei und der Wasserrettungsdienst sind mit ihren Fahrzeugen zu Gast. <br>Ab 18.00 Uhr beginnt dann die gro\u00dfe Clubfete mit Showacts und Musik. <br>Das 90j\u00e4hrige Jubil\u00e4um der Zeuthener Woche ist Teil der Feierlichkeiten zum 650j\u00e4hrigen Bestehen der Kommune Zeuthen. <\/p>\n<!-- \/wp:paragraph -->\n\n<!-- wp:paragraph -->\n<p>Die Ausschreibung zur Zeuthener Woche findet Ihr hier als pdf Dokument:<\/p>\n<!-- \/wp:paragraph -->\n\n<!-- wp:file {\"id\":971,\"href\":\"https:\/\/zeutheneryachtclub.de\/2021\/wp-content\/uploads\/2025\/02\/zw_bm_2025_aussschreibung_plus_jugend.pdf\",\"displayPreview\":true} -->\n<div class=\"wp-block-file\"><object class=\"wp-block-file__embed\" data=\"https:\/\/zeutheneryachtclub.de\/2021\/wp-content\/uploads\/2025\/02\/zw_bm_2025_aussschreibung_plus_jugend.pdf\" type=\"application\/pdf\" style=\"width:100%;height:600px\" aria-label=\"zw_bm_2025_aussschreibung_plus_jugend\"><\/object><a id=\"wp-block-file--media-c35eccdc-f7fe-4117-b57c-4c049a832342\" href=\"https:\/\/zeutheneryachtclub.de\/2021\/wp-content\/uploads\/2025\/02\/zw_bm_2025_aussschreibung_plus_jugend.pdf\">zw_bm_2025_aussschreibung_plus_jugend<\/a><a href=\"https:\/\/zeutheneryachtclub.de\/2021\/wp-content\/uploads\/2025\/02\/zw_bm_2025_aussschreibung_plus_jugend.pdf\" class=\"wp-block-file__button wp-element-button\" download aria-describedby=\"wp-block-file--media-c35eccdc-f7fe-4117-b57c-4c049a832342\">Herunterladen<\/a><\/div>\n<!-- \/wp:file -->\n\n<!-- wp:paragraph -->\n<p><\/p>\n<!-- \/wp:paragraph --><\/div><\/li>\n<\/ul>\n\n\n<p><\/p>\n","protected":false},"excerpt":{"rendered":"","protected":false},"author":1,"featured_media":0,"parent":0,"menu_order":0,"comment_status":"closed","ping_status":"closed","template":"","meta":{"footnotes":""},"class_list":["post-190","page","type-page","status-publish","hentry"],"_links":{"self":[{"href":"https:\/\/zeutheneryachtclub.de\/2021\/wp-json\/wp\/v2\/pages\/190","targetHints":{"allow":["GET"]}}],"collection":[{"href":"https:\/\/zeutheneryachtclub.de\/2021\/wp-json\/wp\/v2\/pages"}],"about":[{"href":"https:\/\/zeutheneryachtclub.de\/2021\/wp-json\/wp\/v2\/types\/page"}],"author":[{"embeddable":true,"href":"https:\/\/zeutheneryachtclub.de\/2021\/wp-json\/wp\/v2\/users\/1"}],"replies":[{"embeddable":true,"href":"https:\/\/zeutheneryachtclub.de\/2021\/wp-json\/wp\/v2\/comments?post=190"}],"version-history":[{"count":2,"href":"https:\/\/zeutheneryachtclub.de\/2021\/wp-json\/wp\/v2\/pages\/190\/revisions"}],"predecessor-version":[{"id":193,"href":"https:\/\/zeutheneryachtclub.de\/2021\/wp-json\/wp\/v2\/pages\/190\/revisions\/193"}],"wp:attachment":[{"href":"https:\/\/zeutheneryachtclub.de\/2021\/wp-json\/wp\/v2\/media?parent=190"}],"curies":[{"name":"wp","href":"https:\/\/api.w.org\/{rel}","templated":true}]}}