{"id":43,"date":"2021-01-07T12:42:23","date_gmt":"2021-01-07T11:42:23","guid":{"rendered":"http:\/\/zeutheneryachtclub.de\/2021\/?page_id=43"},"modified":"2024-09-21T09:08:49","modified_gmt":"2024-09-21T07:08:49","slug":"mitglied-werden","status":"publish","type":"page","link":"https:\/\/zeutheneryachtclub.de\/2021\/mitglied-werden\/","title":{"rendered":"Mitglied werden im ZYC e.V."},"content":{"rendered":"\n<p><strong>Wir freuen uns \u00fcber neue Mitglieder, die mit uns die Freude am Wassersport und am Vereinsleben teilen wollen. Seglerinnen und Segler werden bei der Mitgliedschaft bevorzugt ber\u00fccksichtigt.<\/strong><\/p>\n\n\n\n<p>Informationen zur Mitgliedschaft erhalten Sie \u00fcber unseren Vorstand.<br>Unsere monatlichen Mitgliedsbeitr\u00e4ge betragen:<\/p>\n\n\n\n<p>15,00 Euro f\u00fcr ordentliche Mitglieder (Vollmitglieder)<br>6,00 Euro f\u00fcr Jugendliche<br>10,00 Euro f\u00fcr Gastmitglieder.<\/p>\n\n\n\n<p>Je nach Mitgliedschaft f\u00e4llt eine einmalige Aufnahmegeb\u00fchr an, die zwischen 144 bis 430 Euro liegt. Die Probezeit f\u00fcr neue Mitglieder betr\u00e4gt ein Jahr.<\/p>\n\n\n\n<p>Der ZYC verf\u00fcgt \u00fcber zahlreiche Kojen, in denen auch \u00dcbernachtungen m\u00f6glich sind. Diese Unterk\u00fcnfte werden auf Antrag ganzj\u00e4hrig an ordentliche Mitglieder vermietet. Die Gr\u00f6\u00dfen der Kojen liegen zwischen ca. 9 m\u00b2 und ca. 22 m\u00b2 . Der Mietpreis richtet sich nach Ausstattung und Gr\u00f6\u00dfe. Bootsliegepl\u00e4tze werden nach Kapazit\u00e4t und Absprache an ordentliche Mitglieder vergeben. Der Mietpreis richtet sich dabei nach Gr\u00f6\u00dfe und Lage des Liegeplatzes.<\/p>\n\n\n\n<p>Die Antr\u00e4ge zur Mitgliedschaft finden Sie unter diesem Beitrag als pdf Datein. Die Antr\u00e4ge sind ausgef\u00fcllt an den Vorstand des ZYC zu senden.<\/p>\n\n\n\n<div class=\"wp-block-file\"><a id=\"wp-block-file--media-c9e04fcc-2def-4021-a8d7-6371bd004246\" href=\"https:\/\/zeutheneryachtclub.de\/2021\/wp-content\/uploads\/2024\/09\/20240904_Aufnahmeantrag_Muster-1.pdf\">20240904_Aufnahmeantrag_Muster<\/a><a href=\"https:\/\/zeutheneryachtclub.de\/2021\/wp-content\/uploads\/2024\/09\/20240904_Aufnahmeantrag_Muster-1.pdf\" class=\"wp-block-file__button wp-element-button\" download aria-describedby=\"wp-block-file--media-c9e04fcc-2def-4021-a8d7-6371bd004246\">Herunterladen<\/a><\/div>\n\n\n\n<div class=\"wp-block-file\"><a id=\"wp-block-file--media-86e709c6-6d47-4196-a69e-1849c7d21e5e\" href=\"https:\/\/zeutheneryachtclub.de\/2021\/wp-content\/uploads\/2024\/09\/20240904_Aufnahmeantrag_Jugend_Muster.pdf\">20240904_Aufnahmeantrag_Jugend_Muster<\/a><a href=\"https:\/\/zeutheneryachtclub.de\/2021\/wp-content\/uploads\/2024\/09\/20240904_Aufnahmeantrag_Jugend_Muster.pdf\" class=\"wp-block-file__button wp-element-button\" download aria-describedby=\"wp-block-file--media-86e709c6-6d47-4196-a69e-1849c7d21e5e\">Herunterladen<\/a><\/div>\n\n\n\n<div class=\"wp-block-file\"><a id=\"wp-block-file--media-9245bfac-aa8c-409a-af21-fc573809b3a0\" href=\"https:\/\/zeutheneryachtclub.de\/2021\/wp-content\/uploads\/2024\/09\/20231121_Flyer_ZYC.pdf\">20231121_Flyer_ZYC<\/a><a href=\"https:\/\/zeutheneryachtclub.de\/2021\/wp-content\/uploads\/2024\/09\/20231121_Flyer_ZYC.pdf\" class=\"wp-block-file__button wp-element-button\" download aria-describedby=\"wp-block-file--media-9245bfac-aa8c-409a-af21-fc573809b3a0\">Herunterladen<\/a><\/div>\n\n\n\n<div class=\"wp-block-file\"><a id=\"wp-block-file--media-1b521d91-5695-429b-b6ba-3edbfe4493c9\" href=\"https:\/\/zeutheneryachtclub.de\/2021\/wp-content\/uploads\/2024\/09\/Erklaerung_Datenschutz.pdf\">Erklaerung_Datenschutz<\/a><a href=\"https:\/\/zeutheneryachtclub.de\/2021\/wp-content\/uploads\/2024\/09\/Erklaerung_Datenschutz.pdf\" class=\"wp-block-file__button wp-element-button\" download aria-describedby=\"wp-block-file--media-1b521d91-5695-429b-b6ba-3edbfe4493c9\">Herunterladen<\/a><\/div>\n\n\n\n<div class=\"wp-block-file\"><a id=\"wp-block-file--media-592fa0f6-b9d9-4acf-9c95-d292afcef180\" href=\"https:\/\/zeutheneryachtclub.de\/2021\/wp-content\/uploads\/2024\/09\/Einverstaendniserkl_Foto_Film.pdf\">Einverstaendniserkl_Foto_Film<\/a><a href=\"https:\/\/zeutheneryachtclub.de\/2021\/wp-content\/uploads\/2024\/09\/Einverstaendniserkl_Foto_Film.pdf\" class=\"wp-block-file__button wp-element-button\" download aria-describedby=\"wp-block-file--media-592fa0f6-b9d9-4acf-9c95-d292afcef180\">Herunterladen<\/a><\/div>\n\n\n\n<div class=\"wp-block-file\"><a id=\"wp-block-file--media-f3bf1992-1455-4a03-ad40-746672f21a8d\" href=\"https:\/\/zeutheneryachtclub.de\/2021\/wp-content\/uploads\/2024\/09\/Vorstellung_Mitglieder_Antraege.pdf\">Vorstellung_Mitglieder_Antraege<\/a><a href=\"https:\/\/zeutheneryachtclub.de\/2021\/wp-content\/uploads\/2024\/09\/Vorstellung_Mitglieder_Antraege.pdf\" class=\"wp-block-file__button wp-element-button\" download aria-describedby=\"wp-block-file--media-f3bf1992-1455-4a03-ad40-746672f21a8d\">Herunterladen<\/a><\/div>\n\n\n\n<p><\/p>\n","protected":false},"excerpt":{"rendered":"<p>Wir freuen uns \u00fcber neue Mitglieder, die mit uns die Freude am Wassersport und am Vereinsleben teilen wollen. Seglerinnen und Segler werden bei der Mitgliedschaft bevorzugt ber\u00fccksichtigt. Informationen zur Mitgliedschaft erhalten Sie \u00fcber unseren Vorstand.Unsere<\/p>\n","protected":false},"author":1,"featured_media":0,"parent":0,"menu_order":0,"comment_status":"closed","ping_status":"closed","template":"","meta":{"footnotes":""},"class_list":["post-43","page","type-page","status-publish","hentry"],"_links":{"self":[{"href":"https:\/\/zeutheneryachtclub.de\/2021\/wp-json\/wp\/v2\/pages\/43","targetHints":{"allow":["GET"]}}],"collection":[{"href":"https:\/\/zeutheneryachtclub.de\/2021\/wp-json\/wp\/v2\/pages"}],"about":[{"href":"https:\/\/zeutheneryachtclub.de\/2021\/wp-json\/wp\/v2\/types\/page"}],"author":[{"embeddable":true,"href":"https:\/\/zeutheneryachtclub.de\/2021\/wp-json\/wp\/v2\/users\/1"}],"replies":[{"embeddable":true,"href":"https:\/\/zeutheneryachtclub.de\/2021\/wp-json\/wp\/v2\/comments?post=43"}],"version-history":[{"count":4,"href":"https:\/\/zeutheneryachtclub.de\/2021\/wp-json\/wp\/v2\/pages\/43\/revisions"}],"predecessor-version":[{"id":947,"href":"https:\/\/zeutheneryachtclub.de\/2021\/wp-json\/wp\/v2\/pages\/43\/revisions\/947"}],"wp:attachment":[{"href":"https:\/\/zeutheneryachtclub.de\/2021\/wp-json\/wp\/v2\/media?parent=43"}],"curies":[{"name":"wp","href":"https:\/\/api.w.org\/{rel}","templated":true}]}}