{"id":6,"date":"2021-01-07T11:27:38","date_gmt":"2021-01-07T10:27:38","guid":{"rendered":"http:\/\/zeutheneryachtclub.de\/2021\/?page_id=6"},"modified":"2025-03-27T09:31:20","modified_gmt":"2025-03-27T08:31:20","slug":"ueber-uns","status":"publish","type":"page","link":"https:\/\/zeutheneryachtclub.de\/2021\/ueber-uns\/","title":{"rendered":"Verein"},"content":{"rendered":"\n<h3 class=\"wp-block-heading\">Vorstand:<\/h3>\n\n\n\n<figure class=\"wp-block-table is-style-stripes\"><table><tbody><tr><td>Frank Schr\u00f6der<br><strong>Vorstandsvorsitzender<\/strong><br>eMail: vorstand@zeutheneryachtclub.de<br><br><br><br><br><\/td><td><img loading=\"lazy\" decoding=\"async\" width=\"150\" height=\"218\" class=\"wp-image-582\" style=\"width: 150px;\" src=\"https:\/\/zeutheneryachtclub.de\/2021\/wp-content\/uploads\/2023\/03\/Frank_Schroeder_ZYC.jpg\" alt=\"1. Vorsitzender, Frank Schr\u00f6der\" srcset=\"https:\/\/zeutheneryachtclub.de\/2021\/wp-content\/uploads\/2023\/03\/Frank_Schroeder_ZYC.jpg 578w, https:\/\/zeutheneryachtclub.de\/2021\/wp-content\/uploads\/2023\/03\/Frank_Schroeder_ZYC-206x300.jpg 206w\" sizes=\"auto, (max-width: 150px) 100vw, 150px\" \/><\/td><\/tr><tr><td>Andreas Kremer<br><strong>1. Stellvertreter und Hafenmeister<\/strong><\/td><td><\/td><\/tr><tr><td>U. Meifert<br><strong>2. Stellvertreter und&nbsp;Schatzmeister<\/strong>\n<br>eMail: schatzmeister@zeutheneryachtclub.de<br>\n<\/td><td><img decoding=\"async\" style=\"width: 140px;\" src=\"http:\/\/www.zeutheneryachtclub.de\/sites\/default\/files\/styles\/large\/public\/Sebastian.jpg?itok=nAiNFe3L\" alt=\"\"><\/td><\/tr><tr><td>Arwed Meier<br><strong>Jugendobmann<\/strong><br>eMail: jugend@zeutheneryachtclub.de<\/td><td><\/td><\/tr><tr><td>Detlef G\u00fchrs<br><strong>Obmann des Segelausschusses<\/strong><br>eMail: sportobmann@zeutheneryachtclub.de<\/td><td><\/td><\/tr><tr><td>Ilka Kl\u00fctzke<br><strong>Schriftf\u00fchrerin<\/strong><\/td><td><\/td><\/tr><\/tbody><\/table><\/figure>\n\n\n\n<p><\/p>\n\n\n\n<h5 class=\"wp-block-heading\">Beauftragte f\u00fcr Kinderschutz im ZYC e.V.<\/h5>\n\n\n\n<p>Elaine Sch\u00f6ning<br>eMail: kinderschutz@zeutheneryachtclub.de<\/p>\n\n\n\n<h3 class=\"wp-block-heading\">Gesch\u00e4ftsstelle des Zeuthener Yachtclub e.V.:<\/h3>\n\n\n\n<p>Zeuthener Yachtclub e.V.<br>Niederlausitzstra\u00dfe 12, 15738 Zeuthen<\/p>\n\n\n\n<p><\/p>\n","protected":false},"excerpt":{"rendered":"<p>Vorstand: Frank Schr\u00f6derVorstandsvorsitzendereMail: vorstand@zeutheneryachtclub.de Andreas Kremer1. Stellvertreter und Hafenmeister U. Meifert2. Stellvertreter und&nbsp;Schatzmeister eMail: schatzmeister@zeutheneryachtclub.de Arwed MeierJugendobmanneMail: jugend@zeutheneryachtclub.de Detlef G\u00fchrsObmann des SegelausschusseseMail: sportobmann@zeutheneryachtclub.de Ilka Kl\u00fctzkeSchriftf\u00fchrerin Beauftragte f\u00fcr Kinderschutz im ZYC e.V. Elaine Sch\u00f6ningeMail: kinderschutz@zeutheneryachtclub.de Gesch\u00e4ftsstelle<\/p>\n","protected":false},"author":1,"featured_media":0,"parent":0,"menu_order":0,"comment_status":"closed","ping_status":"closed","template":"","meta":{"footnotes":""},"class_list":["post-6","page","type-page","status-publish","hentry"],"_links":{"self":[{"href":"https:\/\/zeutheneryachtclub.de\/2021\/wp-json\/wp\/v2\/pages\/6","targetHints":{"allow":["GET"]}}],"collection":[{"href":"https:\/\/zeutheneryachtclub.de\/2021\/wp-json\/wp\/v2\/pages"}],"about":[{"href":"https:\/\/zeutheneryachtclub.de\/2021\/wp-json\/wp\/v2\/types\/page"}],"author":[{"embeddable":true,"href":"https:\/\/zeutheneryachtclub.de\/2021\/wp-json\/wp\/v2\/users\/1"}],"replies":[{"embeddable":true,"href":"https:\/\/zeutheneryachtclub.de\/2021\/wp-json\/wp\/v2\/comments?post=6"}],"version-history":[{"count":10,"href":"https:\/\/zeutheneryachtclub.de\/2021\/wp-json\/wp\/v2\/pages\/6\/revisions"}],"predecessor-version":[{"id":995,"href":"https:\/\/zeutheneryachtclub.de\/2021\/wp-json\/wp\/v2\/pages\/6\/revisions\/995"}],"wp:attachment":[{"href":"https:\/\/zeutheneryachtclub.de\/2021\/wp-json\/wp\/v2\/media?parent=6"}],"curies":[{"name":"wp","href":"https:\/\/api.w.org\/{rel}","templated":true}]}}